{"id":3391,"date":"2022-03-31T17:47:09","date_gmt":"2022-03-31T17:47:09","guid":{"rendered":"http:\/\/multimedia.com.mx\/residencial\/?page_id=3391"},"modified":"2022-09-27T23:05:40","modified_gmt":"2022-09-27T23:05:40","slug":"exteriores","status":"publish","type":"page","link":"https:\/\/multimedia.com.mx\/residencial\/exteriores\/","title":{"rendered":"Exteriores"},"content":{"rendered":"\t\t<div data-elementor-type=\"wp-page\" data-elementor-id=\"3391\" class=\"elementor elementor-3391\" data-elementor-settings=\"[]\">\n\t\t\t\t\t\t\t<div class=\"elementor-section-wrap\">\n\t\t\t\t\t\t\t<section class=\"elementor-section elementor-top-section elementor-element elementor-element-ef8bc43 elementor-section-full_width light elementor-section-content-middle bg-white pt-large pb-medium elementor-section-height-default elementor-section-height-default\" data-id=\"ef8bc43\" data-element_type=\"section\" data-settings=\"{&quot;theme_section_elements_theme&quot;:&quot;light&quot;,&quot;background_background&quot;:&quot;classic&quot;,&quot;theme_section_color&quot;:&quot;bg-white&quot;}\" data-arts-theme-text=\"light\">\n\t\t\t\t\t\t\t<div class=\"elementor-background-overlay\"><\/div>\n\t\t\t\t\t\t\t<div class=\"elementor-container elementor-column-gap-no\">\n\t\t\t\t\t<div class=\"elementor-column elementor-col-100 elementor-top-column elementor-element elementor-element-2431be0\" data-id=\"2431be0\" data-element_type=\"column\">\n\t\t\t<div class=\"elementor-widget-wrap elementor-element-populated\">\n\t\t\t\t\t\t\t\t<div class=\"elementor-element elementor-element-eee384c premium-vscroll-nav-dots-yes elementor-widget elementor-widget-premium-vscroll\" data-id=\"eee384c\" data-element_type=\"widget\" data-widget_type=\"premium-vscroll.default\">\n\t\t\t\t<div class=\"elementor-widget-container\">\n\t\t\t\r\n\t\t<div class=\"premium-vscroll-wrap\" id=\"premium-vscroll-wrap-eee384c\" data-settings=\"{&quot;id&quot;:&quot;eee384c&quot;,&quot;speed&quot;:700,&quot;offset&quot;:0,&quot;tooltips&quot;:true,&quot;dotsText&quot;:[&quot;&quot;],&quot;dotsPos&quot;:&quot;right&quot;,&quot;dotsVPos&quot;:&quot;middle&quot;,&quot;fullSection&quot;:true,&quot;fullTouch&quot;:false,&quot;fullCheckOverflow&quot;:&quot;true&quot;,&quot;addToHistory&quot;:true,&quot;animation&quot;:&quot;&quot;,&quot;duration&quot;:null}\">\r\n\t\t\t\t\t\t<div class=\"premium-vscroll-inner\" id=\"premium-vscroll-eee384c\">\r\n\t\t\t\t<div class=\"premium-vscroll-dots premium-vscroll-dots-hide right middle circ\">\r\n\t\t\t\t\t<ul class=\"premium-vscroll-dots-list\">\r\n\t\t\t\t\t\t\t\t\t\t\t<\/ul>\r\n\t\t\t\t<\/div>\r\n\t\t\t\t\t\t\t\t\t<div class=\"premium-vscroll-sections-wrap\" id=\"premium-vscroll-sections-wrap-eee384c\">\r\n\r\n\t\t\t\t\t\t\t\t\t\t\t<\/div>\r\n\t\t\t\t\t\t\t<\/div>\r\n\t\t<\/div>\r\n\r\n\t\t\t\t<\/div>\n\t\t\t\t<\/div>\n\t\t\t\t<div class=\"elementor-element elementor-element-94c786b elementor-widget elementor-widget-kinsey-widget-content-block\" data-id=\"94c786b\" data-element_type=\"widget\" data-settings=\"{&quot;motion_fx_motion_fx_scrolling&quot;:&quot;yes&quot;,&quot;motion_fx_opacity_effect&quot;:&quot;yes&quot;,&quot;motion_fx_opacity_direction&quot;:&quot;in-out&quot;,&quot;motion_fx_opacity_range&quot;:{&quot;unit&quot;:&quot;%&quot;,&quot;size&quot;:&quot;&quot;,&quot;sizes&quot;:{&quot;start&quot;:74,&quot;end&quot;:91}},&quot;motion_fx_scale_effect&quot;:&quot;yes&quot;,&quot;motion_fx_scale_speed&quot;:{&quot;unit&quot;:&quot;px&quot;,&quot;size&quot;:8,&quot;sizes&quot;:[]},&quot;motion_fx_scale_range&quot;:{&quot;unit&quot;:&quot;%&quot;,&quot;size&quot;:&quot;&quot;,&quot;sizes&quot;:{&quot;start&quot;:50,&quot;end&quot;:100}},&quot;motion_fx_opacity_level&quot;:{&quot;unit&quot;:&quot;px&quot;,&quot;size&quot;:10,&quot;sizes&quot;:[]},&quot;motion_fx_scale_direction&quot;:&quot;out-in&quot;,&quot;motion_fx_devices&quot;:[&quot;desktop&quot;,&quot;tablet&quot;,&quot;mobile&quot;]}\" data-widget_type=\"kinsey-widget-content-block.default\">\n\t\t\t\t<div class=\"elementor-widget-container\">\n\t\t\t\t\t<div class=\"section section-content\">\n\t\t\t\t\t\t\t<div class=\"section__headline section__headline_before mb-md-3 mb-2 mx-auto\" data-arts-os-animation=\"true\" data-arts-os-animation-name=\"animateHeadline\"><\/div>\n\t\t\t\t\t\t<div class=\"section-content__content content arts-split-text js-arts-split-text\" data-arts-split-text=\"lines\" data-arts-split-text-set=\"lines\" data-arts-split-text-overflow-wrap=\"lines\" data-arts-os-animation=\"true\" data-arts-os-animation-name=\"animateText\"><h2 class=\"h2\">Ambientes Exteriores<\/h2><p>Dise\u00f1o y tecnolog\u00eda creando ambientes \u00fanicos en tu hogar<\/p><\/div>\n\t\t\t\t\t<\/div>\n\t\t\t\t<\/div>\n\t\t\t\t<\/div>\n\t\t\t\t<div class=\"elementor-element elementor-element-17bb1ed elementor-widget elementor-widget-spacer\" data-id=\"17bb1ed\" data-element_type=\"widget\" data-widget_type=\"spacer.default\">\n\t\t\t\t<div class=\"elementor-widget-container\">\n\t\t\t\t\t<div class=\"elementor-spacer\">\n\t\t\t<div class=\"elementor-spacer-inner\"><\/div>\n\t\t<\/div>\n\t\t\t\t<\/div>\n\t\t\t\t<\/div>\n\t\t\t\t\t<\/div>\n\t\t<\/div>\n\t\t\t\t\t\t\t<\/div>\n\t\t<\/section>\n\t\t\t\t<section class=\"elementor-section elementor-top-section elementor-element elementor-element-a4dacac elementor-section-full_width dark elementor-section-content-middle mt-xsmall elementor-section-height-default elementor-section-height-default\" data-id=\"a4dacac\" data-element_type=\"section\" data-settings=\"{&quot;theme_section_elements_theme&quot;:&quot;dark&quot;,&quot;background_background&quot;:&quot;classic&quot;}\" data-arts-theme-text=\"dark\">\n\t\t\t\t\t\t<div class=\"elementor-container elementor-column-gap-no\">\n\t\t\t\t\t<div class=\"elementor-column elementor-col-66 elementor-top-column elementor-element elementor-element-6c69908\" data-id=\"6c69908\" data-element_type=\"column\" data-settings=\"{&quot;background_background&quot;:&quot;classic&quot;,&quot;background_motion_fx_motion_fx_scrolling&quot;:&quot;yes&quot;,&quot;background_motion_fx_translateY_effect&quot;:&quot;yes&quot;,&quot;background_motion_fx_translateY_speed&quot;:{&quot;unit&quot;:&quot;px&quot;,&quot;size&quot;:2,&quot;sizes&quot;:[]},&quot;background_motion_fx_translateY_affectedRange&quot;:{&quot;unit&quot;:&quot;%&quot;,&quot;size&quot;:&quot;&quot;,&quot;sizes&quot;:{&quot;start&quot;:20,&quot;end&quot;:74}},&quot;background_motion_fx_devices&quot;:[&quot;desktop&quot;,&quot;tablet&quot;,&quot;mobile&quot;]}\">\n\t\t\t<div class=\"elementor-widget-wrap elementor-element-populated\">\n\t\t\t\t\t\t\t\t<section class=\"elementor-section elementor-inner-section elementor-element elementor-element-3021daa elementor-section-boxed elementor-section-height-default elementor-section-height-default\" data-id=\"3021daa\" data-element_type=\"section\">\n\t\t\t\t\t\t<div class=\"elementor-container elementor-column-gap-default\">\n\t\t\t\t\t<div class=\"elementor-column elementor-col-100 elementor-inner-column elementor-element elementor-element-202f16f\" data-id=\"202f16f\" data-element_type=\"column\" data-settings=\"{&quot;background_background&quot;:&quot;classic&quot;,&quot;background_motion_fx_motion_fx_scrolling&quot;:&quot;yes&quot;,&quot;background_motion_fx_scale_effect&quot;:&quot;yes&quot;,&quot;background_motion_fx_scale_direction&quot;:&quot;out-in&quot;,&quot;background_motion_fx_scale_speed&quot;:{&quot;unit&quot;:&quot;px&quot;,&quot;size&quot;:4,&quot;sizes&quot;:[]},&quot;background_motion_fx_scale_range&quot;:{&quot;unit&quot;:&quot;%&quot;,&quot;size&quot;:&quot;&quot;,&quot;sizes&quot;:{&quot;start&quot;:20,&quot;end&quot;:80}},&quot;background_motion_fx_devices&quot;:[&quot;desktop&quot;,&quot;tablet&quot;,&quot;mobile&quot;]}\">\n\t\t\t<div class=\"elementor-widget-wrap\">\n\t\t\t\t\t\t\t\t\t<\/div>\n\t\t<\/div>\n\t\t\t\t\t\t\t<\/div>\n\t\t<\/section>\n\t\t\t\t\t<\/div>\n\t\t<\/div>\n\t\t\t\t<div class=\"elementor-column elementor-col-33 elementor-top-column elementor-element elementor-element-d1983ad bg-white\" data-id=\"d1983ad\" data-element_type=\"column\" data-settings=\"{&quot;theme_section_color&quot;:&quot;bg-white&quot;}\">\n\t\t\t<div class=\"elementor-widget-wrap elementor-element-populated\">\n\t\t\t\t\t\t\t\t<div class=\"elementor-element elementor-element-5b78817 mwtext elementor-widget elementor-widget-kinsey-widget-content-block\" data-id=\"5b78817\" data-element_type=\"widget\" data-widget_type=\"kinsey-widget-content-block.default\">\n\t\t\t\t<div class=\"elementor-widget-container\">\n\t\t\t\t\t<div class=\"section section-content\">\n\t\t\t\t\t\t<div class=\"section-content__content content arts-split-text js-arts-split-text\" data-arts-split-text=\"lines\" data-arts-split-text-set=\"lines\" data-arts-split-text-overflow-wrap=\"lines\" data-arts-os-animation=\"true\" data-arts-os-animation-name=\"animateText\"><h2 style=\"text-align: left;\">Creamos\u00a0<br \/>espacios \u00fanicos<\/h2><p>Con las <strong>soluciones digitales<\/strong> que Multimedia tiene para el <strong>aire libre, albercas, terrazas, jardines<\/strong> se pueden crear experiencias de entretenimiento tanto para el interior como para el exterior.<\/p><p>Las <strong>tecnolog\u00edas inteligentes exteriores<\/strong> resisten las peores condiciones climatol\u00f3gicas, manteniendo siempre la misma calidad de sonido y video.<\/p><\/div>\n\t\t\t\t\t<\/div>\n\t\t\t\t<\/div>\n\t\t\t\t<\/div>\n\t\t\t\t\t<\/div>\n\t\t<\/div>\n\t\t\t\t\t\t\t<\/div>\n\t\t<\/section>\n\t\t\t\t<section class=\"elementor-section elementor-top-section elementor-element elementor-element-244392c elementor-section-full_width dark elementor-section-content-middle mt-xsmall elementor-section-height-default elementor-section-height-default\" data-id=\"244392c\" data-element_type=\"section\" data-settings=\"{&quot;theme_section_elements_theme&quot;:&quot;dark&quot;,&quot;background_background&quot;:&quot;classic&quot;}\" data-arts-theme-text=\"dark\">\n\t\t\t\t\t\t<div class=\"elementor-container elementor-column-gap-no\">\n\t\t\t\t\t<div class=\"elementor-column elementor-col-33 elementor-top-column elementor-element elementor-element-41f371a bg-gray-4\" data-id=\"41f371a\" data-element_type=\"column\" data-settings=\"{&quot;theme_section_color&quot;:&quot;bg-gray-4&quot;}\">\n\t\t\t<div class=\"elementor-widget-wrap elementor-element-populated\">\n\t\t\t\t\t\t\t\t<div class=\"elementor-element elementor-element-6d3066b elementor-widget elementor-widget-spacer\" data-id=\"6d3066b\" data-element_type=\"widget\" data-widget_type=\"spacer.default\">\n\t\t\t\t<div class=\"elementor-widget-container\">\n\t\t\t\t\t<div class=\"elementor-spacer\">\n\t\t\t<div class=\"elementor-spacer-inner\"><\/div>\n\t\t<\/div>\n\t\t\t\t<\/div>\n\t\t\t\t<\/div>\n\t\t\t\t<div class=\"elementor-element elementor-element-229fa7a mwtext elementor-widget elementor-widget-kinsey-widget-content-block\" data-id=\"229fa7a\" data-element_type=\"widget\" data-widget_type=\"kinsey-widget-content-block.default\">\n\t\t\t\t<div class=\"elementor-widget-container\">\n\t\t\t\t\t<div class=\"section section-content\">\n\t\t\t\t\t\t<div class=\"section-content__content content arts-split-text js-arts-split-text\" data-arts-split-text=\"lines\" data-arts-split-text-set=\"lines\" data-arts-split-text-overflow-wrap=\"lines\" data-arts-os-animation=\"true\" data-arts-os-animation-name=\"animateText\"><h2 style=\"text-align: left;\">Audio y Video <br \/>Sin L\u00edmites<\/h2><p>Con los altavoces todoterreno y los subwoofers subterr\u00e1neos, puedes llevar tu m\u00fasica al exterior.<\/p><p>Con pantallas ultrabrillantes e impermeables a pleno sol, podr\u00e1s ver tu partido favorito o una pel\u00edcula en el exterior.<\/p><\/div>\n\t\t\t\t\t<\/div>\n\t\t\t\t<\/div>\n\t\t\t\t<\/div>\n\t\t\t\t<div class=\"elementor-element elementor-element-00b8e21 elementor-widget elementor-widget-spacer\" data-id=\"00b8e21\" data-element_type=\"widget\" data-widget_type=\"spacer.default\">\n\t\t\t\t<div class=\"elementor-widget-container\">\n\t\t\t\t\t<div class=\"elementor-spacer\">\n\t\t\t<div class=\"elementor-spacer-inner\"><\/div>\n\t\t<\/div>\n\t\t\t\t<\/div>\n\t\t\t\t<\/div>\n\t\t\t\t\t<\/div>\n\t\t<\/div>\n\t\t\t\t<div class=\"elementor-column elementor-col-66 elementor-top-column elementor-element elementor-element-b6e07c7\" data-id=\"b6e07c7\" data-element_type=\"column\" data-settings=\"{&quot;background_background&quot;:&quot;classic&quot;,&quot;background_motion_fx_motion_fx_scrolling&quot;:&quot;yes&quot;,&quot;background_motion_fx_translateY_effect&quot;:&quot;yes&quot;,&quot;background_motion_fx_translateY_speed&quot;:{&quot;unit&quot;:&quot;px&quot;,&quot;size&quot;:2,&quot;sizes&quot;:[]},&quot;background_motion_fx_translateY_affectedRange&quot;:{&quot;unit&quot;:&quot;%&quot;,&quot;size&quot;:&quot;&quot;,&quot;sizes&quot;:{&quot;start&quot;:20,&quot;end&quot;:79}},&quot;background_motion_fx_devices&quot;:[&quot;desktop&quot;,&quot;tablet&quot;,&quot;mobile&quot;]}\">\n\t\t\t<div class=\"elementor-widget-wrap elementor-element-populated\">\n\t\t\t\t\t\t\t\t<section class=\"elementor-section elementor-inner-section elementor-element elementor-element-853247a elementor-section-boxed elementor-section-height-default elementor-section-height-default\" data-id=\"853247a\" data-element_type=\"section\">\n\t\t\t\t\t\t<div class=\"elementor-container elementor-column-gap-default\">\n\t\t\t\t\t<div class=\"elementor-column elementor-col-100 elementor-inner-column elementor-element elementor-element-fa01aa9\" data-id=\"fa01aa9\" data-element_type=\"column\">\n\t\t\t<div class=\"elementor-widget-wrap\">\n\t\t\t\t\t\t\t\t\t<\/div>\n\t\t<\/div>\n\t\t\t\t\t\t\t<\/div>\n\t\t<\/section>\n\t\t\t\t\t<\/div>\n\t\t<\/div>\n\t\t\t\t\t\t\t<\/div>\n\t\t<\/section>\n\t\t\t\t<section class=\"elementor-section elementor-top-section elementor-element elementor-element-aafa15f pt-medium bg-gray-1 light elementor-section-full_width container-fluid offset_bottom mb-large elementor-section-height-default elementor-section-height-default\" data-id=\"aafa15f\" data-element_type=\"section\" data-settings=\"{&quot;theme_section_color&quot;:&quot;bg-gray-1&quot;,&quot;theme_section_elements_theme&quot;:&quot;light&quot;,&quot;theme_remove_top_bottom_gaps&quot;:&quot;yes&quot;}\" data-arts-theme-text=\"light\">\n\t\t\t\t\t\t<div class=\"elementor-container elementor-column-gap-no\">\n\t\t\t\t\t<div class=\"elementor-column elementor-col-100 elementor-top-column elementor-element elementor-element-1000501\" data-id=\"1000501\" data-element_type=\"column\">\n\t\t\t<div class=\"elementor-widget-wrap elementor-element-populated\">\n\t\t\t\t\t\t\t\t<section class=\"elementor-section elementor-inner-section elementor-element elementor-element-c0fe98f elementor-section-full_width mb-small elementor-section-height-default elementor-section-height-default\" data-id=\"c0fe98f\" data-element_type=\"section\">\n\t\t\t\t\t\t<div class=\"elementor-container elementor-column-gap-no\">\n\t\t\t\t\t<div class=\"elementor-column elementor-col-100 elementor-inner-column elementor-element elementor-element-e23f1e6\" data-id=\"e23f1e6\" data-element_type=\"column\">\n\t\t\t<div class=\"elementor-widget-wrap elementor-element-populated\">\n\t\t\t\t\t\t\t\t<div class=\"elementor-element elementor-element-488278d elementor-widget elementor-widget-kinsey-widget-content-block\" data-id=\"488278d\" data-element_type=\"widget\" data-widget_type=\"kinsey-widget-content-block.default\">\n\t\t\t\t<div class=\"elementor-widget-container\">\n\t\t\t\t\t<div class=\"section section-content\">\n\t\t\t\t\t\t\t<div class=\"section__headline section__headline_before mb-md-3 mb-2 mx-auto\" data-arts-os-animation=\"true\" data-arts-os-animation-name=\"animateHeadline\"><\/div>\n\t\t\t\t\t\t<div class=\"section-content__content content arts-split-text js-arts-split-text\" data-arts-split-text=\"lines\" data-arts-split-text-set=\"lines\" data-arts-split-text-overflow-wrap=\"lines\" data-arts-os-animation=\"true\" data-arts-os-animation-name=\"animateText\"><h2>Especialidades<\/h2><\/div>\n\t\t\t\t\t<\/div>\n\t\t\t\t<\/div>\n\t\t\t\t<\/div>\n\t\t\t\t\t<\/div>\n\t\t<\/div>\n\t\t\t\t\t\t\t<\/div>\n\t\t<\/section>\n\t\t\t\t<section class=\"elementor-section elementor-inner-section elementor-element elementor-element-8607125 elementor-section-full_width elementor-section-height-default elementor-section-height-default\" data-id=\"8607125\" data-element_type=\"section\">\n\t\t\t\t\t\t<div class=\"elementor-container elementor-column-gap-no\">\n\t\t\t\t\t<div class=\"elementor-column elementor-col-100 elementor-inner-column elementor-element elementor-element-9e3ddaa\" data-id=\"9e3ddaa\" data-element_type=\"column\" data-settings=\"{&quot;background_background&quot;:&quot;classic&quot;,&quot;background_motion_fx_motion_fx_scrolling&quot;:&quot;yes&quot;,&quot;background_motion_fx_scale_effect&quot;:&quot;yes&quot;,&quot;background_motion_fx_scale_direction&quot;:&quot;in-out&quot;,&quot;background_motion_fx_scale_speed&quot;:{&quot;unit&quot;:&quot;px&quot;,&quot;size&quot;:4,&quot;sizes&quot;:[]},&quot;background_motion_fx_scale_range&quot;:{&quot;unit&quot;:&quot;%&quot;,&quot;size&quot;:&quot;&quot;,&quot;sizes&quot;:{&quot;start&quot;:20,&quot;end&quot;:80}},&quot;background_motion_fx_devices&quot;:[&quot;desktop&quot;,&quot;tablet&quot;,&quot;mobile&quot;]}\">\n\t\t\t<div class=\"elementor-widget-wrap elementor-element-populated\">\n\t\t\t\t\t\t\t\t<div class=\"elementor-element elementor-element-fbe0b9c elementor-widget elementor-widget-kinsey-widget-lightbox-video\" data-id=\"fbe0b9c\" data-element_type=\"widget\" data-widget_type=\"kinsey-widget-lightbox-video.default\">\n\t\t\t\t<div class=\"elementor-widget-container\">\n\t\t\t\n\t\t<div class=\"section section-video section-content js-gallery\" data-nonce=\"e18890e9dc\" data-pswp-uid=\"fbe0b9c\">\n\t\t\t<div class=\"section-video__container\">\n\t\t\t\t<a class=\"section-video__link js-arts-cursor-no-highlight\" data-autoplay=\"true\" href=\"https:\/\/multimedia.com.mx\/residencial\/wp-content\/uploads\/2022\/02\/mmvideo2.mp4\">\n\t\t\t\t\t<div class=\"section-video__link-inner bg-dark-3\" data-arts-cursor=\"true\" data-arts-cursor-scale=\"0\" data-arts-cursor-hide-native=\"true\" data-arts-cursor-magnetic=\"true\" data-arts-cursor-label=\"Play\" data-arts-cursor-color=\"#FFFFFF\" data-arts-cursor-background-color=\"default\" data-arts-os-animation=\"true\" data-arts-os-animation-name=\"animateJump\">\n\t\t\t\t\t\t<div class=\"section-video__icon material-icons\">play_arrow<\/div>\n\t\t\t\t\t<\/div>\n\t\t\t\t<\/a>\n\t\t\t\t<div class=\"section__bg\">\n\t\t\t\t\t\n\t<div class=\"mask-reveal js-arts-parallax overflow w-100 h-100\" data-arts-os-animation=\"true\" data-arts-os-animation-name=\"animateMask\" data-arts-os-animation-params=\"{&quot;direction&quot;:&quot;up&quot;,&quot;scale&quot;:1.2}\" data-arts-parallax-target=\"innerElement\" data-arts-parallax-scrub=\"true\" data-arts-parallax-factor-y=\"0.1\" data-arts-parallax-scale-from=\"1.2\" data-arts-parallax-scale-to=\"1\">\n\n\t\t\t<div class=\"mask-reveal__layer mask-reveal__layer-1\">\n\t\t\t<div class=\"mask-reveal__layer mask-reveal__layer-2\">\n\t\n\t\t\n\t\t\t\t\t\t\t<div class=\"js-arts-parallax__scrub w-100 h-100\">\n\t\t\t\n\t\t\t\t\t\n\t\t\t\t\t\t\t<img decoding=\"async\" class=\"lazy-bg of-cover\" src=\"data:image\/png;base64,iVBORw0KGgoAAAANSUhEUgAAAAEAAAABCAQAAAHCGzyUAAAABGdBTUEAALGPC\/xhBQAAADhlWElmTU0AKgAAAAgAAYdpAAQAAAABAAAAGgAAAAAAAqACAAQAAAABAAAAAaADAAQAAAABAAAAAQAAAADa6r\/EAAAAC0lEQVQI12NolQQAASYAn89qhTcAAAAASUVORK5CYII=\" data-src=\"https:\/\/multimedia.com.mx\/residencial\/wp-content\/uploads\/2022\/02\/video-preview-2.jpg\" width=\"1920\" height=\"1080\" data-srcset=\"https:\/\/multimedia.com.mx\/residencial\/wp-content\/uploads\/2022\/02\/video-preview-2.jpg 1920w, https:\/\/multimedia.com.mx\/residencial\/wp-content\/uploads\/2022\/02\/video-preview-2-300x169.jpg 300w, https:\/\/multimedia.com.mx\/residencial\/wp-content\/uploads\/2022\/02\/video-preview-2-1024x576.jpg 1024w, https:\/\/multimedia.com.mx\/residencial\/wp-content\/uploads\/2022\/02\/video-preview-2-768x432.jpg 768w, https:\/\/multimedia.com.mx\/residencial\/wp-content\/uploads\/2022\/02\/video-preview-2-1536x864.jpg 1536w\" data-sizes=\"(max-width: 1920px) 100vw, 1920px\" alt=\"\">\n\t\t\t\n\t\t\n\t\t\t\t\t\t\t<\/div>\n\t\t\t\n\t\t\n\t\t\t\t<\/div>\n\t\t<\/div>\n\t\n\t\n\t<\/div>\n\t\t\t\t<\/div>\n\t\t\t<\/div>\n\t\t<\/div>\n\n\t\t\t\t<\/div>\n\t\t\t\t<\/div>\n\t\t\t\t\t<\/div>\n\t\t<\/div>\n\t\t\t\t\t\t\t<\/div>\n\t\t<\/section>\n\t\t\t\t\t<\/div>\n\t\t<\/div>\n\t\t\t\t\t\t\t<\/div>\n\t\t<\/section>\n\t\t\t\t\t\t<\/div>\n\t\t\t\t\t<\/div>\n\t\t","protected":false},"excerpt":{"rendered":"<p>Ambientes Exteriores Dise\u00f1o y tecnolog\u00eda creando ambientes \u00fanicos en tu hogar Creamos&nbsp; espacios \u00fanicos Con las soluciones digitales que Multimedia tiene para el aire libre, albercas, terrazas, jardines se pueden crear experiencias de entretenimiento tanto para el interior como para el exterior. Las tecnolog\u00edas inteligentes exteriores resisten las peores condiciones climatol\u00f3gicas, manteniendo siempre la misma [&hellip;]<\/p>\n","protected":false},"author":1,"featured_media":1779,"parent":0,"menu_order":0,"comment_status":"closed","ping_status":"closed","template":"","meta":{"_monsterinsights_skip_tracking":false,"_monsterinsights_sitenote_active":false,"_monsterinsights_sitenote_note":"","_monsterinsights_sitenote_category":0,"footnotes":""},"class_list":["post-3391","page","type-page","status-publish","has-post-thumbnail","hentry"],"_links":{"self":[{"href":"https:\/\/multimedia.com.mx\/residencial\/wp-json\/wp\/v2\/pages\/3391","targetHints":{"allow":["GET"]}}],"collection":[{"href":"https:\/\/multimedia.com.mx\/residencial\/wp-json\/wp\/v2\/pages"}],"about":[{"href":"https:\/\/multimedia.com.mx\/residencial\/wp-json\/wp\/v2\/types\/page"}],"author":[{"embeddable":true,"href":"https:\/\/multimedia.com.mx\/residencial\/wp-json\/wp\/v2\/users\/1"}],"replies":[{"embeddable":true,"href":"https:\/\/multimedia.com.mx\/residencial\/wp-json\/wp\/v2\/comments?post=3391"}],"version-history":[{"count":183,"href":"https:\/\/multimedia.com.mx\/residencial\/wp-json\/wp\/v2\/pages\/3391\/revisions"}],"predecessor-version":[{"id":4905,"href":"https:\/\/multimedia.com.mx\/residencial\/wp-json\/wp\/v2\/pages\/3391\/revisions\/4905"}],"wp:featuredmedia":[{"embeddable":true,"href":"https:\/\/multimedia.com.mx\/residencial\/wp-json\/"}],"wp:attachment":[{"href":"https:\/\/multimedia.com.mx\/residencial\/wp-json\/wp\/v2\/media?parent=3391"}],"curies":[{"name":"wp","href":"https:\/\/api.w.org\/{rel}","templated":true}]}}